{"id":2,"date":"2023-03-06T12:34:42","date_gmt":"2023-03-06T12:34:42","guid":{"rendered":"http:\/\/www.estrellapatagonica.com.ar\/reclamos\/?page_id=2"},"modified":"2023-03-07T12:27:34","modified_gmt":"2023-03-07T12:27:34","slug":"sample-page","status":"publish","type":"page","link":"https:\/\/www.estrellapatagonica.com.ar\/reclamos\/","title":{"rendered":"Reclamos"},"content":{"rendered":"\t\t<div data-elementor-type=\"wp-page\" data-elementor-id=\"2\" class=\"elementor elementor-2\">\n\t\t\t\t\t\t\t\t\t<section class=\"elementor-section elementor-top-section elementor-element elementor-element-7ab1dbd elementor-section-full_width elementor-section-stretched elementor-section-height-default elementor-section-height-default\" data-id=\"7ab1dbd\" data-element_type=\"section\" data-settings=\"{&quot;stretch_section&quot;:&quot;section-stretched&quot;}\">\n\t\t\t\t\t\t<div class=\"elementor-container elementor-column-gap-default\">\n\t\t\t\t\t<div class=\"elementor-column elementor-col-100 elementor-top-column elementor-element elementor-element-219d15f\" data-id=\"219d15f\" data-element_type=\"column\">\n\t\t\t<div class=\"elementor-widget-wrap elementor-element-populated\">\n\t\t\t\t\t\t\t\t<div class=\"elementor-element elementor-element-1fa255b elementor-hidden-mobile elementor-widget elementor-widget-html\" data-id=\"1fa255b\" data-element_type=\"widget\" data-widget_type=\"html.default\">\n\t\t\t\t<div class=\"elementor-widget-container\">\n\t\t\t<h1 id=\"titulo\">Reclamos<\/h1>\t\t<\/div>\n\t\t\t\t<\/div>\n\t\t\t\t\t<\/div>\n\t\t<\/div>\n\t\t\t\t\t\t\t<\/div>\n\t\t<\/section>\n\t\t\t\t<section class=\"elementor-section elementor-top-section elementor-element elementor-element-001d9d8 elementor-section-boxed elementor-section-height-default elementor-section-height-default\" data-id=\"001d9d8\" data-element_type=\"section\">\n\t\t\t\t\t\t<div class=\"elementor-container elementor-column-gap-default\">\n\t\t\t\t\t<div class=\"elementor-column elementor-col-100 elementor-top-column elementor-element elementor-element-8c9b039\" data-id=\"8c9b039\" data-element_type=\"column\">\n\t\t\t<div class=\"elementor-widget-wrap elementor-element-populated\">\n\t\t\t\t\t\t\t\t<div class=\"elementor-element elementor-element-516bd6e elementor-widget elementor-widget-text-editor\" data-id=\"516bd6e\" data-element_type=\"widget\" data-widget_type=\"text-editor.default\">\n\t\t\t\t<div class=\"elementor-widget-container\">\n\t\t\t<style>\/*! elementor - v3.11.2 - 22-02-2023 *\/\n.elementor-widget-text-editor.elementor-drop-cap-view-stacked .elementor-drop-cap{background-color:#818a91;color:#fff}.elementor-widget-text-editor.elementor-drop-cap-view-framed .elementor-drop-cap{color:#818a91;border:3px solid;background-color:transparent}.elementor-widget-text-editor:not(.elementor-drop-cap-view-default) .elementor-drop-cap{margin-top:8px}.elementor-widget-text-editor:not(.elementor-drop-cap-view-default) .elementor-drop-cap-letter{width:1em;height:1em}.elementor-widget-text-editor .elementor-drop-cap{float:left;text-align:center;line-height:1;font-size:50px}.elementor-widget-text-editor .elementor-drop-cap-letter{display:inline-block}<\/style>\t\t\t\t<h3>Describa su preocupaci\u00f3n.<\/h3>\n<p>Describa sus sospechas detalladamente para que podamos investigar sobre el asunto que le preocupa.<\/p>\t\t\t\t\t\t<\/div>\n\t\t\t\t<\/div>\n\t\t\t\t\t<\/div>\n\t\t<\/div>\n\t\t\t\t\t\t\t<\/div>\n\t\t<\/section>\n\t\t\t\t<section class=\"elementor-section elementor-top-section elementor-element elementor-element-4f12d03 elementor-section-boxed elementor-section-height-default elementor-section-height-default\" data-id=\"4f12d03\" data-element_type=\"section\">\n\t\t\t\t\t\t<div class=\"elementor-container elementor-column-gap-default\">\n\t\t\t\t\t<div class=\"elementor-column elementor-col-100 elementor-top-column elementor-element elementor-element-7f7b714\" data-id=\"7f7b714\" data-element_type=\"column\">\n\t\t\t<div class=\"elementor-widget-wrap elementor-element-populated\">\n\t\t\t\t\t\t\t\t<div class=\"elementor-element elementor-element-7e3ecc8 elementor-widget elementor-widget-html\" data-id=\"7e3ecc8\" data-element_type=\"widget\" data-widget_type=\"html.default\">\n\t\t\t\t<div class=\"elementor-widget-container\">\n\t\t\t\n<div class=\"wpcf7 no-js\" id=\"wpcf7-f45-o1\" lang=\"es-AR\" dir=\"ltr\">\n<div class=\"screen-reader-response\"><p role=\"status\" aria-live=\"polite\" aria-atomic=\"true\"><\/p> <ul><\/ul><\/div>\n<form action=\"\/reclamos\/wp-json\/wp\/v2\/pages\/2#wpcf7-f45-o1\" method=\"post\" class=\"wpcf7-form init\" aria-label=\"Formulario de contacto\" enctype=\"multipart\/form-data\" novalidate=\"novalidate\" data-status=\"init\">\n<div style=\"display: none;\">\n<input type=\"hidden\" name=\"_wpcf7\" value=\"45\" \/>\n<input type=\"hidden\" name=\"_wpcf7_version\" value=\"5.7.4\" \/>\n<input type=\"hidden\" name=\"_wpcf7_locale\" value=\"es_AR\" \/>\n<input type=\"hidden\" name=\"_wpcf7_unit_tag\" value=\"wpcf7-f45-o1\" \/>\n<input type=\"hidden\" name=\"_wpcf7_container_post\" value=\"0\" \/>\n<input type=\"hidden\" name=\"_wpcf7_posted_data_hash\" value=\"\" \/>\n<\/div>\n<p><label> Nombre y apellido (OPCIONAL)<br \/>\n<span class=\"wpcf7-form-control-wrap\" data-name=\"your-name\"><input size=\"40\" class=\"wpcf7-form-control wpcf7-text\" autocomplete=\"name\" aria-invalid=\"false\" value=\"\" type=\"text\" name=\"your-name\" \/><\/span> <\/label>\n<\/p>\n<p><label> Correo electr\u00f3nico al que poder escribirle de ser necesario (OPCIONAL)<br \/>\n<span class=\"wpcf7-form-control-wrap\" data-name=\"your-email\"><input size=\"40\" class=\"wpcf7-form-control wpcf7-text wpcf7-email wpcf7-validates-as-email\" autocomplete=\"email\" aria-invalid=\"false\" value=\"\" type=\"email\" name=\"your-email\" \/><\/span> <\/label>\n<\/p>\n<p><label>Tel\u00e9fono fijo o m\u00f3vil al que poder llamarle de ser necesario (indicar Prefijo del pa\u00eds + n\u00famero) (OPCIONAL)<br \/>\n<span class=\"wpcf7-form-control-wrap\" data-name=\"tel-820\"><input size=\"40\" class=\"wpcf7-form-control wpcf7-text wpcf7-tel wpcf7-validates-as-tel\" aria-invalid=\"false\" value=\"\" type=\"tel\" name=\"tel-820\" \/><\/span><\/label>\n<\/p>\n<p><label>Pa\u00eds desde el que se presenta la Denuncia (OBLIGATORIO)<br \/>\n<span class=\"wpcf7-form-control-wrap\" data-name=\"pais-390\"><input size=\"40\" class=\"wpcf7-form-control wpcf7-text wpcf7-validates-as-required\" aria-required=\"true\" aria-invalid=\"false\" value=\"\" type=\"text\" name=\"pais-390\" \/><\/span><\/label>\n<\/p>\n<p><label>Su relaci\u00f3n con EPSA (OBLIGATORIO)<br \/>\n<span class=\"wpcf7-form-control-wrap\" data-name=\"relacionEpsa\"><select class=\"wpcf7-form-control wpcf7-select wpcf7-validates-as-required\" aria-required=\"true\" aria-invalid=\"false\" name=\"relacionEpsa\"><option value=\"Proveedor\">Proveedor<\/option><option value=\"Cliente\">Cliente<\/option><option value=\"Empleado\">Empleado<\/option><option value=\"Contratista\">Contratista<\/option><option value=\"Integrante de la Comunidad\">Integrante de la Comunidad<\/option><option value=\"Otro\">Otro<\/option><\/select><\/span><\/label>\n<\/p>\n<p><label>Persona\/s que ha\/n cometido o participado en los hechos objeto de Denuncia y, en su caso, cargo o posici\u00f3n que ocupan en Estrella Patagonica S.A. (Si no conoce su identidad o no desea identificarlo\/s nominativamente, indique \u201cDesconocido\u201d)<br \/>\n(OBLIGATORIO)<br \/>\n<span class=\"wpcf7-form-control-wrap\" data-name=\"text-personas\"><input size=\"40\" class=\"wpcf7-form-control wpcf7-text wpcf7-validates-as-required\" aria-required=\"true\" aria-invalid=\"false\" value=\"\" type=\"text\" name=\"text-personas\" \/><\/span><\/label>\n<\/p>\n<p><label>Lugar concreto en que se produjeron materialmente los hechos (Es posible que los hechos no se produjeran en un lugar en particular. En tal caso, indique si observ\u00f3 los hechos en alg\u00fan documento o a prop\u00f3sito de una operaci\u00f3n) (OBLIGATORIO)<br \/>\n<span class=\"wpcf7-form-control-wrap\" data-name=\"text-lugar\"><input size=\"40\" class=\"wpcf7-form-control wpcf7-text wpcf7-validates-as-required\" aria-required=\"true\" aria-invalid=\"false\" value=\"\" type=\"text\" name=\"text-lugar\" \/><\/span><\/label>\n<\/p>\n<p><label>Descripci\u00f3n de los HECHOS que se denuncian. Por favor, facilite y aporte la mayor cantidad de detalles posible para un mejor an\u00e1lisis y resoluci\u00f3n de la Denuncia (i.e., \u00bfqu\u00e9 ocurri\u00f3? \u00bfqu\u00e9 se dijo o hizo?, etc.). T\u00f3mese su tiempo. (OBLIGATORIO)<br \/>\n<span class=\"wpcf7-form-control-wrap\" data-name=\"textarea-descripcion\"><textarea cols=\"40\" rows=\"10\" class=\"wpcf7-form-control wpcf7-textarea wpcf7-validates-as-required\" aria-required=\"true\" aria-invalid=\"false\" placeholder=\"M\u00e1ximo 5000 caracteres (si necesita m\u00e1s espacio, por favor facilite la descripci\u00f3n de la Denuncia en un documento aparte que se subir\u00e1 a la herramienta carg\u00e1ndolo en el siguiente apartado. En tal caso, ponga en este apartado \u201cEn documento adjunto\u201d).\" name=\"textarea-descripcion\"><\/textarea><\/span><\/label>\n<\/p>\n<p><label>\u00bfExisten testigos directos de los hechos denunciados u otras personas de dentro o fuera de ESTRELLA PATAGONICA S.A. que puedan aportar informaci\u00f3n adicional, corroborar o dar m\u00e1s detalles sobre dichos hechos? (OBLIGATORIO)<br \/>\n<span class=\"wpcf7-form-control-wrap\" data-name=\"text-testigos\"><input size=\"40\" class=\"wpcf7-form-control wpcf7-text\" aria-invalid=\"false\" placeholder=\"S\u00cd\/NO. En caso afirmativo, si se conocen y desea, indicar su identidad para que, en su caso, se les pueda contactar\" value=\"\" type=\"text\" name=\"text-testigos\" \/><\/span><\/label>\n<\/p>\n<p><label>\u00bfSe han reportado o comunicado con anterioridad estos hechos a alg\u00fan responsable o jefe directo, o a alg\u00fan miembro de la Direcci\u00f3n de su Empresa o de ESTRELLA PATAGONICA S.A. (OBLIGATORIO)<br \/>\n<span class=\"wpcf7-form-control-wrap\" data-name=\"text-reportado\"><input size=\"40\" class=\"wpcf7-form-control wpcf7-text\" aria-invalid=\"false\" placeholder=\"S\u00cd\/NO. En caso afirmativo, indicar si se desea y conoce la identidad y\/o cargo o posici\u00f3n de dichas personas.\" value=\"\" type=\"text\" name=\"text-reportado\" \/><\/span><\/label>\n<\/p>\n<p><label>\u00bfSe ha presentado ya alguna denuncia a trav\u00e9s de cualquier otro cauce (judicial, administrativo, policial o ante cualquier otra autoridad o entidad p\u00fablica? (OBLIGATORIO)<br \/>\n<span class=\"wpcf7-form-control-wrap\" data-name=\"text-denunciado\"><input size=\"40\" class=\"wpcf7-form-control wpcf7-text\" aria-invalid=\"false\" placeholder=\"S\u00cd\/NO. En caso afirmativo, indicar la fecha de presentaci\u00f3n y la autoridad o entidad p\u00fablica ante la que se hayan reportado los hechos.\" value=\"\" type=\"text\" name=\"text-denunciado\" \/><\/span><\/label>\n<\/p>\n\n<!-- <label>Si dispone de documentos, evidencias, comunicaciones u otras pruebas l\u00edcitamente obtenidas de los hechos denunciados, por favor, carguelos a continuaci\u00f3n en alguno de los tipos de archivo m\u00e1s comunes (M\u00e1x. 5 archivos\/MB. Formatos permitidos: .doc, .docx, .xls, .xlsx, pdf, .ppt, .pptx,.txt, .jpg, .jpeg, .png, .bmp, .gif, .tif). No se podr\u00e1n subir archivos encriptados o protegidos con contrase\u00f1a debido a la protecci\u00f3n antivirus y la limpieza de metadatos.\n<span class=\"wpcf7-form-control-wrap\" data-name=\"file-upload\"><input size=\"40\" class=\"wpcf7-form-control wpcf7-file\" accept=\".doc,.docx,.xls,.xlsx,.pdf,.ppt,.pptx,.txt,.jpg,.jpeg,.png,.bmp,.gif,.tif\" aria-invalid=\"false\" type=\"file\" name=\"file-upload\" \/><\/span><\/label> -->\n<p><label>Si dispone de documentos, evidencias, comunicaciones u otras pruebas l\u00edcitamente obtenidas de los hechos denunciados, por favor, carguelos a continuaci\u00f3n en alguno de los tipos de archivo m\u00e1s comunes (M\u00e1x. 5 archivos\/MB. Formatos permitidos: .doc, .docx, .xls, .xlsx, pdf, .ppt, .pptx,.txt, .jpg, .jpeg, .png, .bmp, .gif, .tif). No se podr\u00e1n subir archivos encriptados o protegidos con contrase\u00f1a debido a la protecci\u00f3n antivirus y la limpieza de metadatos.<div id=\"mfcf7_zl_multifilecontainer\"><span class=\"mfcf7-zl-multiline-sample\" style=\"display:none\"><p class=\"wpcf7-form-control-wrap multilinefile-283\"><input size=\"40\" class=\"wpcf7-form-control wpcf7-multilinefile multi\" multiple=\"multiple\" value=\"Adjuntar archivos\" aria-invalid=\"false\" type=\"file\" name=\"multilinefile-283[]\" \/> <span class=\"mfcf7-zl-multifile-name\"><\/span><a href=\"javascript:void(0);\" class=\"mfcf7_zl_delete_file\"><span class=\"delete-file\" aria-hidden=\"true\">&#x274C;<\/span><\/a><\/p><\/span><\/div><span class=\"wpcf7-form-control-wrap zl-form-control-wrap multilinefile-283\"><input size=\"40\" class=\"wpcf7-form-control wpcf7-multilinefile multi\" multiple=\"multiple\" value=\"Adjuntar archivos\" aria-invalid=\"false\" type=\"file\" name=\"multilinefile-283[]\" \/> <span class=\"mfcf7-zl-multifile-name\"><\/span><a href=\"javascript:void(0);\" class=\"mfcf7_zl_delete_file\"><span class=\"delete-file\" aria-hidden=\"true\">&#x274C;<\/span><\/a><\/span><p><label><span class=\"wpcf7-form-control-wrap\" data-name=\"multilinefile-283-zl-mfcf7-upld-btn\"><input type=\"button\" name=\"multilinefile-283-zl-mfcf7-upld-btn\" class=\"button button-primary qbutton\" href=\"javascript:void(0);\" id=\"mfcf7_zl_add_file\" value=\"Adjuntar archivos\"><\/span><\/label><\/p><\/label>\n<\/p>\n<p>No incluya informaci\u00f3n sensible personal sobre nadie en su mensaje si no es necesario para describir su problema.\n<\/p>\n<p><input class=\"wpcf7-form-control has-spinner wpcf7-submit\" type=\"submit\" value=\"Enviar\" \/>\n<\/p><div class=\"wpcf7-response-output\" aria-hidden=\"true\"><\/div>\n<\/form>\n<\/div>\n\t\t<\/div>\n\t\t\t\t<\/div>\n\t\t\t\t\t<\/div>\n\t\t<\/div>\n\t\t\t\t\t\t\t<\/div>\n\t\t<\/section>\n\t\t\t\t\t\t\t<\/div>\n\t\t","protected":false},"excerpt":{"rendered":"<p>Reclamos Describa su preocupaci\u00f3n. Describa sus sospechas detalladamente para que podamos investigar sobre el asunto que le preocupa.<\/p>\n","protected":false},"author":1,"featured_media":0,"parent":0,"menu_order":0,"comment_status":"closed","ping_status":"open","template":"","meta":{"site-sidebar-layout":"default","site-content-layout":"default","ast-global-header-display":"","ast-main-header-display":"","ast-hfb-above-header-display":"","ast-hfb-below-header-display":"","ast-hfb-mobile-header-display":"","site-post-title":"disabled","ast-breadcrumbs-content":"","ast-featured-img":"","footer-sml-layout":"","theme-transparent-header-meta":"","adv-header-id-meta":"","stick-header-meta":"","header-above-stick-meta":"","header-main-stick-meta":"","header-below-stick-meta":""},"_links":{"self":[{"href":"https:\/\/www.estrellapatagonica.com.ar\/reclamos\/wp-json\/wp\/v2\/pages\/2"}],"collection":[{"href":"https:\/\/www.estrellapatagonica.com.ar\/reclamos\/wp-json\/wp\/v2\/pages"}],"about":[{"href":"https:\/\/www.estrellapatagonica.com.ar\/reclamos\/wp-json\/wp\/v2\/types\/page"}],"author":[{"embeddable":true,"href":"https:\/\/www.estrellapatagonica.com.ar\/reclamos\/wp-json\/wp\/v2\/users\/1"}],"replies":[{"embeddable":true,"href":"https:\/\/www.estrellapatagonica.com.ar\/reclamos\/wp-json\/wp\/v2\/comments?post=2"}],"version-history":[{"count":32,"href":"https:\/\/www.estrellapatagonica.com.ar\/reclamos\/wp-json\/wp\/v2\/pages\/2\/revisions"}],"predecessor-version":[{"id":105,"href":"https:\/\/www.estrellapatagonica.com.ar\/reclamos\/wp-json\/wp\/v2\/pages\/2\/revisions\/105"}],"wp:attachment":[{"href":"https:\/\/www.estrellapatagonica.com.ar\/reclamos\/wp-json\/wp\/v2\/media?parent=2"}],"curies":[{"name":"wp","href":"https:\/\/api.w.org\/{rel}","templated":true}]}}